{"id":817,"date":"2024-11-19T15:36:45","date_gmt":"2024-11-19T14:36:45","guid":{"rendered":"https:\/\/andeanfv.com\/?page_id=817"},"modified":"2024-11-22T19:56:51","modified_gmt":"2024-11-22T18:56:51","slug":"terminos-y-condiciones","status":"publish","type":"page","link":"https:\/\/andeanfv.com\/en\/terminos-y-condiciones\/","title":{"rendered":"Terms and Conditions"},"content":{"rendered":"\t\t<div data-elementor-type=\"wp-page\" data-elementor-id=\"817\" class=\"elementor elementor-817\" data-elementor-post-type=\"page\">\n\t\t\t\t<div class=\"elementor-element elementor-element-5822b11 e-flex e-con-boxed e-con e-parent\" data-id=\"5822b11\" data-element_type=\"container\" data-e-type=\"container\">\n\t\t\t\t\t<div class=\"e-con-inner\">\n\t\t\t\t<div class=\"elementor-element elementor-element-40cafd3 elementor-widget elementor-widget-heading\" data-id=\"40cafd3\" data-element_type=\"widget\" data-e-type=\"widget\" data-widget_type=\"heading.default\">\n\t\t\t\t<div class=\"elementor-widget-container\">\n\t\t\t\t\t<h2 class=\"elementor-heading-title elementor-size-default\">T\u00c9RMINOS Y CONDICIONES<\/h2>\t\t\t\t<\/div>\n\t\t\t\t<\/div>\n\t\t\t\t<div class=\"elementor-element elementor-element-947c19e elementor-widget elementor-widget-text-editor\" data-id=\"947c19e\" data-element_type=\"widget\" data-e-type=\"widget\" data-widget_type=\"text-editor.default\">\n\t\t\t\t<div class=\"elementor-widget-container\">\n\t\t\t\t\t\t\t\t\t<p><strong>T\u00e9rminos y Condiciones Generales para el uso del sitio web de <\/strong><strong>Andean Fruits &amp; Vegs<\/strong><\/p>\t\t\t\t\t\t\t\t<\/div>\n\t\t\t\t<\/div>\n\t\t\t\t<div class=\"elementor-element elementor-element-fafaf5b text_estilo elementor-widget elementor-widget-text-editor\" data-id=\"fafaf5b\" data-element_type=\"widget\" data-e-type=\"widget\" data-widget_type=\"text-editor.default\">\n\t\t\t\t<div class=\"elementor-widget-container\">\n\t\t\t\t\t\t\t\t\t<p><strong>1.- T\u00e9rminos Generales y su Aceptaci\u00f3n<\/strong><\/p><p>Los siguientes son los T\u00e9rminos Generales que regulan el uso de la informaci\u00f3n en formato digital y servicios del sitio web <a href=\"http:\/\/www.andeanfv.com\">www.andeanfv.com<\/a> (en adelante el &#8220;Sitio&#8221;) que Andean Fruits And Vegs S.A.C, identificado con R.U.C. N\u00b0 20611710985 (en adelante &#8220;<u> Andean Fruits &amp; Vegs<\/u>&#8220;) pone a disposici\u00f3n de los usuarios de internet.<\/p><p>La utilizaci\u00f3n del sitio confiere la condici\u00f3n de usuario y conlleva la aceptaci\u00f3n plena y sin reservas de todos y cada uno de estos t\u00e9rminos, desde el momento mismo del acceso al sitio. En consecuencia, el hecho de hacer uso de esta p\u00e1gina web constituye la aceptaci\u00f3n los mismos.<\/p><p>La utilizaci\u00f3n de ciertos servicios ofrecidos a los usuarios a trav\u00e9s del sitio est\u00e1 sometida a t\u00e9rminos particulares, propios que, seg\u00fan los casos, sustituyen, completan y\/o modifican los T\u00e9rminos Generales (en adelante los &#8220;T\u00e9rminos Particulares&#8221;), por lo que su uso constituye la aceptaci\u00f3n a los T\u00e9rminos Particulares.<\/p><p>Estos T\u00e9rminos Generales constituyen un acuerdo completo entre el usuario y respecto al uso de esta p\u00e1gina web y prevalece o reemplaza a otras comunicaciones acuerdos o propuestas verbales o escritas entre el usuario y la p\u00e1gina web respecto \u00fanicamente del tema en cuesti\u00f3n. Andean Fruits &amp; Vegs se reserva el derecho de modificar los T\u00e9rminos Generales de Uso del Sitio en cualquier momento, notificando al usuario la nueva versi\u00f3n con las modificatorias insertas mediante la publicaci\u00f3n en la p\u00e1gina web, presumi\u00e9ndose la aceptaci\u00f3n, en caso de continuar el usuario con la utilizaci\u00f3n del servicio.<\/p><p><strong>2.- Objeto<\/strong><\/p><p>A trav\u00e9s del Sitio, Andean Fruits &amp; Vegs facilita a los usuarios el acceso y la utilizaci\u00f3n de diversos servicios y contenidos puestos a su disposici\u00f3n por Andean Fruits &amp; Vegs o por terceros usuarios del Sitio y\/o terceros proveedores de servicios y contenidos.<\/p><p>Andean Fruits &amp; Vegs se reserva el derecho a dar t\u00e9rmino o modificar unilateralmente la configuraci\u00f3n, presentaci\u00f3n y condiciones de uso del Sitio o de sus servicios. Al realizar las modificaciones, Andean Fruits &amp; Vegs lo informar\u00e1 a trav\u00e9s de su Sitio web <a href=\"http:\/\/www.andeanfv.com\">www.andeanfv.com<\/a>, as\u00ed como la fecha desde la que regir\u00e1n dichas modificaciones.<\/p><p>El usuario entiende y acepta que el uso continuado de los servicios a trav\u00e9s del Sitio despu\u00e9s de haber realizado cambios constituye su aceptaci\u00f3n de tales modificaciones. No obstante, el usuario podr\u00e1 desvincularse del Sitio, para lo cual deber\u00e1 cursar comunicaci\u00f3n solicitando ser dado de baja como usuario al momento de, o con anterioridad a que empiecen a regir los nuevos cambios implementados.<\/p><p><strong>3.- Condiciones de Acceso y Utilizaci\u00f3n del Sitio<\/strong><\/p><p><strong>3.1.- Sobre el Acceso y Uso<\/strong><\/p><p>El Sitio es para uso personal, por lo que el usuario no se encuentra autorizado a modificar, copiar, distribuir, divulgar, transmitir, utilizar, reproducir, publicar, ceder, vender la informaci\u00f3n, el software, los productos o servicios que pueda obtener de este.<\/p><p>El usuario se compromete a utilizar el Sitio y los servicios de conformidad con la ley, la moral y las buenas costumbres.<\/p><p>El usuario se obliga a abstenerse de utilizar el Sitio y sus servicios con fines o efectos il\u00edcitos, contrarios a lo establecido en estos T\u00e9rminos Generales, lesivos de los derechos e intereses de terceros, que de cualquier forma puedan da\u00f1ar, inutilizar, sobrecargar o deteriorar el sitio y los servicios o impedir la normal utilizaci\u00f3n o disfrute del Sitio y de los servicios por parte de los usuarios.<\/p><p><strong>3.2.- Sobre el Contenido<\/strong><\/p><p>Si desea obtener informaci\u00f3n sobre c\u00f3mo obtener el permiso para la utilizaci\u00f3n de los contenidos, el usuario deber\u00e1 contactarse con Andean Fruits &amp; Vegs. En caso de producirse violaci\u00f3n a cualquiera de estos T\u00e9rminos Generales, el permiso para la utilizaci\u00f3n de los contenidos terminar\u00e1 autom\u00e1ticamente, debiendo el usuario proceder inmediatamente a destruir las copias que haya realizado del material obtenido.<\/p><p>El usuario se compromete a usar los contenidos de forma diligente, correcta y licita, absteni\u00e9ndose de utilizarlos con fines contrarios a la ley, el orden p\u00fablico, la moral y las buenas costumbres.<\/p><p><strong>3.3.- Propiedad Intelectual<\/strong><\/p><p>Los derechos de propiedad intelectual respecto de los servicios, contenidos, signos distintivos y dominio del Sitio, as\u00ed como los derechos de uso y explotaci\u00f3n de los mismos, incluyendo su divulgaci\u00f3n, publicaci\u00f3n, reproducci\u00f3n, distribuci\u00f3n y transformaci\u00f3n, son propiedad exclusiva de Andean Fruits &amp; Vegs. El usuario no adquiere ning\u00fan derecho por el simple uso de los servicios y contenidos del Sitio, y en ning\u00fan momento dicho uso ser\u00e1 considerado como una autorizaci\u00f3n y\/o licencia para la utilizaci\u00f3n de los mismos con fines distintos de los que se contemplan en los presentes t\u00e9rminos de uso.<\/p><p><strong>3.4.- Propiedad Intelectual de Terceros<\/strong><\/p><p>El usuario acuerda que las disposiciones establecidas en el p\u00e1rrafo anterior, respecto a la titularidad de los derechos de Andean Fruits &amp; Vegs, tambi\u00e9n son aplicables a los derechos de terceros, respecto de los servicios y contenidos de las p\u00e1ginas enlazadas al Sitio.<\/p><p><strong>3.5.- Uso de Servicios<\/strong><\/p><p>Andean Fruits &amp; Vegs se reserva algunos de los servicios ofrecidos a trav\u00e9s del Sitio, a los usuarios registrados mediante el correspondiente llenado del registro de usuarios, a disposici\u00f3n de los usuarios que deseen registrarse.<\/p><p>Los usuarios se comprometen a seleccionar, usar y conservar su nombre de usuario (en adelante \u201clogin\u201d) y su contrase\u00f1a (en adelante \u201cpassword\u201d).<\/p><p><strong>3.5.1 \u00a0 Elegibilidad<\/strong><\/p><p>El Sitio est\u00e1 destinado \u00fanicamente para personas que tengan dieciocho (18) a\u00f1os de edad o m\u00e1s y que residan en Per\u00fa?? (en adelante, \u201cPersonas Elegibles\u201d). Al usar el Sitio, el usuario declara que cumple tales requisitos y que est\u00e1 de acuerdo en cumplir con todos los T\u00e9rminos Generales aqu\u00ed establecidos. El uso o acceso al Sitio por cualquier persona que no cumpla tales requisitos no est\u00e1 autorizado y es una violaci\u00f3n de los T\u00e9rminos Generales, pudiendo Madero tomar las acciones o sanciones acorde a cada caso.<\/p><p><strong>3.6.- Asignaci\u00f3n de las Claves de Acceso<\/strong><\/p><p>Andean Fruits &amp; Vegs podr\u00e1 asignar a los usuarios claves de acceso a contenido especial, reservado o confidencial, las que ser\u00e1n comunicadas a trav\u00e9s de e-mails a sus respectivos usuarios. El usuario podr\u00e1 en cualquier momento cambiarlas por cualesquiera otras; sin embargo no podr\u00e1 elegir palabras, expresiones o conjunto grafico-denominativos malsonantes, injuriosos, coincidentes con marcas, nombres comerciales, r\u00f3tulos de establecimientos, denominaciones sociales, expresiones publicitarias, nombres y seud\u00f3nimos de personajes de relevancia p\u00fablica o famosos para cuya utilizaci\u00f3n no est\u00e9 autorizado y en general, contrarios a la ley, el orden p\u00fablico, la moral y las buenas costumbres.<\/p><p><strong>3.7.- Uso y Custodia<\/strong><\/p><p>El usuario se compromete a hacer un uso diligente de las claves de acceso, as\u00ed como a no poner a disposici\u00f3n de terceros sus claves de acceso.<\/p><p>El usuario se compromete a comunicar a Andean Fruits &amp; Vegs, a la brevedad posible la p\u00e9rdida o robo de las claves de acceso, as\u00ed como cualquier riesgo de acceso a las claves por un tercero.<\/p><p><strong>3.8.- Uso de los servicios ofrecidos en el Sitio de conformidad con la pol\u00edtica Anti Spamming<\/strong><\/p><p>El usuario se compromete a abstenerse de lo siguiente:<\/p><ul><li>Remitir publicidad de cualquier clase y comunicaciones con fines de venta u otras de naturaleza comercial a una pluralidad de personas sin que medie su previa solicitud o consentimiento.<\/li><li>Remitir cualesquiera otros mensajes no solicitados ni consentidos previamente a una pluralidad de personas.<\/li><li>Enviar cadenas de mensajes electr\u00f3nicos no solicitados ni previamente consentidos.<\/li><li>Utilizar listas de distribuci\u00f3n a las que pueda accederse a trav\u00e9s del Sitio o de los servicios para la realizaci\u00f3n de las actividades se\u00f1aladas en los \u00edtems anteriores.<\/li><li>Poner a disposici\u00f3n de terceros, con cualquier finalidad, datos captados a partir de listas de distribuci\u00f3n.<\/li><li>Los usuarios perjudicados por la recepci\u00f3n de mensajes no solicitados, dirigidos a una pluralidad de personas podr\u00e1n comunicarlo a Andean Fruits &amp; Vegs, remitiendo un mensaje al correo: contacto@madero.pe<\/li><\/ul><p><strong>3.9.- Hiperenlaces<\/strong><\/p><p>El Sitio contiene enlaces a otros sitios de Internet que son mantenidos por terceros.<\/p><p>Los usuarios y en general, aquellas personas que se propongan establecer un hiperenlace entre su p\u00e1gina web y el Sitio (en adelante el &#8220;hiperenlace&#8221;), deber\u00e1n cumplir las condiciones siguientes:<\/p><ul><li>El hiperenlace \u00fanicamente permitir\u00e1 el acceso a las p\u00e1ginas web del Sitio, pero no podr\u00e1 reproducirlas de ninguna forma.<\/li><li>No se realizar\u00e1n manifestaciones o indicaciones falsas, inexactas o incorrectas sobre el Sitio, del servicio y en particular no se declarar\u00e1 ni dar\u00e1 a entender que ha autorizado el hiperenlace o que ha supervisado o asumido de cualquier forma los contenidos o servicios ofrecidos o puestos a disposici\u00f3n de la p\u00e1gina web en la que se establece el hiperenlace.<\/li><li>A excepci\u00f3n de aquellos signos que formen parte del mismo hiperenlace, la p\u00e1gina web en la que se establezca el hiperenlace no contendr\u00e1 ninguna marca, nombre comercial, r\u00f3tulo de establecimiento, denominaci\u00f3n, logotipo, eslogan u otros signos distintivos pertenecientes a Andean Fruits &amp; Vegs.<\/li><li>La p\u00e1gina web en la que se establezca el hiperenlace no contendr\u00e1 informaci\u00f3n o contenidos il\u00edcitos, contrarios al orden p\u00fablico, la moral y las buenas costumbres, o contrarios a cualesquiera derechos de terceros.<\/li><\/ul><p>El establecimiento del hiperenlace no implica en ning\u00fan caso, la existencia de relaciones entre Andean Fruits &amp; Vegs y el sitio de Internet de terceros en la que se establezca, ni la aceptaci\u00f3n y aprobaci\u00f3n por parte de Andean Fruits &amp; Vegs de sus contenidos o servicios.<\/p><p><strong>3.10.- Enlaces que permitan el acceso a otras p\u00e1ginas web desde el Sitio<\/strong><\/p><p>El Sitio podr\u00e1 proporcionar enlaces a otros sitios o recursos en la world wide web. Debido a que Andean Fruits &amp; Vegs no tiene control sobre dichos sitios y recursos, el usuario acepta y acuerda que no sera responsable por la disponibilidad de dichos sitios y recursos externos, y no los respalda ni es responsable o tiene obligaci\u00f3n por el contenido, comercializaci\u00f3n, productos u otros materiales en los sitios o recursos, o disponibles desde esos sitios. Adem\u00e1s, el usuario acepta y acuerda que Andean Fruits &amp; Vegs no ser\u00e1 responsable ni estar\u00e1 obligado, directa o indirectamente, por ning\u00fan da\u00f1o o p\u00e9rdida causada, por o en conexi\u00f3n con el uso o confianza en cualquier contenido, bienes o servicios disponibles a trav\u00e9s de cualquier sitio.<\/p><p><strong>4.- Datos de Car\u00e1cter Personal<\/strong><\/p><p>Para utilizar algunos de los servicios, los usuarios deben proporcionar previamente a Andean Fruits &amp; Vegs ciertos datos de car\u00e1cter personal. El tratamiento de los datos personales se rige por la Pol\u00edtica de Privacidad, la cual puede ser revisada a trav\u00e9s del siguiente link: [**]<\/p><p><strong>5.- Utilizaci\u00f3n del Sitio, de los servicios y de los contenidos bajo la exclusiva responsabilidad del usuario<\/strong><\/p><p>El usuario se encuentra consciente y acepta voluntariamente que el uso del Sitio, de los servicios y de los contenidos tiene lugar bajo su \u00fanica y exclusiva responsabilidad.<\/p><p><strong>6.- Exclusi\u00f3n de Garant\u00edas y Responsabilidad<\/strong><\/p><p><strong>6.1.- Disponibilidad y continuidad, utilidad y falibilidad<\/strong><\/p><p>Andean Fruits &amp; Vegs no garantiza la disponibilidad y continuidad del funcionamiento del Sitio y de los servicios.<\/p><p>Cuando ello sea razonablemente posible, Andean Fruits &amp; Vegs advertir\u00e1 previamente las interrupciones en el funcionamiento del Sitio y de los servicios. Andean Fruits &amp; Vegs tampoco garantiza la utilidad del sitio y de los servicios para la realizaci\u00f3n de ninguna actividad en particular, ni de su infalibilidad del mismo. Andean Fruits &amp; Vegs se exime de responsabilidad respecto de la accesibilidad, por parte de los usuarios, a las distintas p\u00e1ginas web con hiperenlace al Sitio.<\/p><p>Por ning\u00fan motivo Andean Fruits &amp; Vegs asumir\u00e1 responsabilidad por los da\u00f1os y perjuicios que puedan deberse a la falta de disponibilidad o de continuidad del funcionamiento del Sitio y de los servicios, a la defraudaci\u00f3n de la utilidad que los usuarios hubieren podido atribuir al sitio y a los servicios, a la falibilidad del Sitio y de los servicios, y en particular, aunque no de modo exclusivo, a los fallos en el acceso a las distintas p\u00e1ginas web del Sitio o a aquellas desde las que se prestan los servicios.<\/p><p><strong>6.2.- Da\u00f1os en sistemas inform\u00e1ticos<\/strong><\/p><p>Andean Fruits &amp; Vegs no controla ni garantiza la ausencia de virus ni de otros elementos en los contenidos del Sitio que puedan producir alteraciones en su sistema inform\u00e1tico (software y hardware) o en los documentos electr\u00f3nicos y ficheros almacenados en su sistema inform\u00e1tico. Andean Fruits &amp; Vegs no asumir\u00e1 responsabilidad por los da\u00f1os y perjuicios de toda naturaleza que puedan deberse a la presencia de virus o a la presencia de otros elementos en los contenidos, que puedan producir alteraciones en el sistema inform\u00e1tico, documentos electr\u00f3nicos o ficheros de los usuarios.<\/p><p><strong>6.3.- Licitud, Fiabilidad y Utilidad<\/strong><\/p><p>Andean Fruits &amp; Vegs no asumir\u00e1 responsabilidad por los da\u00f1os y perjuicios de toda naturaleza que puedan deberse a la transmisi\u00f3n, difusi\u00f3n, almacenamiento, puesta a disposici\u00f3n, recepci\u00f3n, obtenci\u00f3n o acceso a los contenidos, y en particular, aunque no de modo exclusivo, por los da\u00f1os y perjuicios ocasionados por:<\/p><ul><li>El incumplimiento, por los usuarios, de la ley, el orden p\u00fablico, la moral y las buenas costumbres como consecuencia de la transmisi\u00f3n, difusi\u00f3n, almacenamiento, puesta a disposici\u00f3n, recepci\u00f3n, obtenci\u00f3n o acceso a los contenidos.<\/li><li>La infracci\u00f3n, por los usuarios, de los derechos de propiedad intelectual e industrial de los secretos empresariales, de compromisos contractuales de cualquier clase, de los derechos al honor, a la intimidad personal y familiar y a la imagen de las personas, de los derechos de propiedad y de toda otra naturaleza pertenecientes a un tercero como consecuencia de la transmisi\u00f3n, difusi\u00f3n, almacenamiento, puesta a disposici\u00f3n, recepci\u00f3n, obtenci\u00f3n o acceso a los contenidos.<\/li><li>La realizaci\u00f3n, por los usuarios, de actos de competencia desleal y publicidad enga\u00f1osa como consecuencia de la transmisi\u00f3n, difusi\u00f3n, almacenamiento, puesta a disposici\u00f3n, recepci\u00f3n, obtenci\u00f3n o acceso a los contenidos.<\/li><li>La falta de veracidad, exactitud, exhaustividad, pertinencia y\/o actualidad de los contenidos.<\/li><li>La no adecuaci\u00f3n para cualquier clase de prop\u00f3sito y la defraudaci\u00f3n de las expectativas generadas por los contenidos.<\/li><li>El incumplimiento, retraso en el cumplimiento, cumplimiento defectuoso o terminaci\u00f3n por cualquier causa de las obligaciones contra\u00eddas por terceros y contratos realizados con terceros a trav\u00e9s de los contenidos o con motivo del acceso a los contenidos.<\/li><li>Los vicios y defectos de toda clase de los contenidos transmitidos, difundidos, almacenados, puestos a disposici\u00f3n o de otra forma transmitidos o puestos a disposici\u00f3n, recibidos, obtenidos o a los que se haya accedido a trav\u00e9s del sitio o de los servicios.<\/li><\/ul><p><strong>7.- Denegaci\u00f3n y Retirada del Acceso al Sitio y\/o los Servicios<\/strong><\/p><p>Andean Fruits &amp; Vegs se reserva el derecho a denegar o retirar el acceso al Sitio o a los servicios en cualquier momento y sin necesidad de pre aviso, a aquellos usuarios que incumplan estos T\u00e9rminos Generales o los T\u00e9rminos Particulares que resulten de aplicaci\u00f3n.<\/p><p><strong>8.- Procedimiento en Caso de Realizaci\u00f3n de actividades de Car\u00e1cter Il\u00edcito<\/strong><\/p><p>En el caso de que cualquier usuario o un tercero considere que existen hechos o circunstancias que revelen el car\u00e1cter il\u00edcito de la utilizaci\u00f3n de cualquier contenido y\/o de la realizaci\u00f3n de cualquier actividad en las p\u00e1ginas web incluidas en o accesibles a trav\u00e9s del Sitio y, en particular, de la violaci\u00f3n de derechos de propiedad intelectual o industrial (patentes, modelos y dibujos industriales, marcas y nombres comerciales, etc.) u otros derechos, deber\u00e1n enviar una notificaci\u00f3n a Andean Fruits &amp; Vegs en la que se contengan los siguientes extremos:<\/p><ul><li>Datos personales: nombre, direcci\u00f3n, n\u00famero de tel\u00e9fono y direcci\u00f3n de correo electr\u00f3nicos del reclamante.<\/li><li>Especificaci\u00f3n de la supuesta actividad il\u00edcita llevada a cabo en el Sitio y, en particular, cuando se trate de una supuesta violaci\u00f3n de derechos, indicaci\u00f3n precisa y concreta de los contenidos protegidos, as\u00ed como de su localizaci\u00f3n en las p\u00e1ginas web.<\/li><li>Violaci\u00f3n de derechos, firma aut\u00e9ntica o equivalente, con los datos personales del titular de los derechos supuestamente infringidos o de la persona autorizada para actuar en nombre y por cuenta de \u00e9sta.<\/li><li>Declaraci\u00f3n expresa, clara y bajo la responsabilidad del reclamante de que la informaci\u00f3n proporcionada en la notificaci\u00f3n es exacta y del car\u00e1cter il\u00edcito de la utilizaci\u00f3n de los contenidos o de la realizaci\u00f3n de las actividades descritas.<\/li><li>Estas notificaciones deber\u00e1n ser enviadas al correo: contacto@madero.pe<\/li><\/ul><p><strong>9.- Ley Aplicable y Jurisdicci\u00f3n<\/strong><\/p><p>Andean Fruits &amp; Vegs tiene su sede principal en el distrito de Magdalena, Lima, Per\u00fa. Todos los asuntos legales que surjan o est\u00e9n relacionados con el Sitio, deber\u00e1n ser atendidos con y seg\u00fan lo determinado por la legislaci\u00f3n peruana. El usuario acepta someterse a la jurisdicci\u00f3n de los tribunales de Lima Cercado en cualquier proceso o acci\u00f3n legal. Si alguna disposici\u00f3n de estos T\u00e9rminos y Condiciones es declarada nula o no ejecutable por alguna autoridad, la invalidaci\u00f3n de dicha disposici\u00f3n no afectar\u00e1 la validez de las disposiciones restantes, y las dem\u00e1s disposiciones se mantendr\u00e1n con plena vigencia.-<\/p><p><strong>\u00a010.- Contacto:<\/strong><\/p><p>Si tiene alguna duda, reclamo, comentario o sugerencia respecto a estos T\u00e9rminos y Condiciones, te solicitamos contactarnos a contacto@madero.pe<\/p><p>EL USUARIO DECLARA HABER LE\u00cdDO Y ENTENDIDO TODAS LAS CONDICIONES ESTABLECIDAS EN LOS PRESENTES T\u00c9RMINOS GENERALES Y LAS POL\u00cdTICAS DE PRIVACIDAD, COOKIES, Y MANIFIESTA SU CONFORMIDAD Y ACEPTACI\u00d3N AL MOMENTO DE REGISTRARSE EN EL SITIO. CUALQUIER PERSONA QUE NO ACEPTE O SE ENCUENTRE EN DESACUERDO CON ESTOS T\u00c9RMINOS Y CONDICIONES GENERALES, LOS CUALES TIENEN UN CAR\u00c1CTER OBLIGATORIO Y VINCULANTE, DEBER\u00c1 ABSTENERSE DE UTILIZAR EL SITIO Y CUALQUIERA DE SUS SERVICIOS.<\/p>\t\t\t\t\t\t\t\t<\/div>\n\t\t\t\t<\/div>\n\t\t\t\t\t<\/div>\n\t\t\t\t<\/div>\n\t\t\t\t<\/div>\n\t\t","protected":false},"excerpt":{"rendered":"<p>T\u00c9RMINOS Y CONDICIONES T\u00e9rminos y Condiciones Generales para el uso del sitio web de Andean Fruits &amp; Vegs 1.- T\u00e9rminos Generales y su Aceptaci\u00f3n Los siguientes son los T\u00e9rminos Generales que regulan el uso de la informaci\u00f3n en formato digital y servicios del sitio web www.andeanfv.com (en adelante el &#8220;Sitio&#8221;) que Andean Fruits And Vegs [&hellip;]<\/p>\n","protected":false},"author":2,"featured_media":0,"parent":0,"menu_order":0,"comment_status":"open","ping_status":"closed","template":"elementor_header_footer","meta":{"inline_featured_image":false,"footnotes":""},"class_list":["post-817","page","type-page","status-publish","hentry"],"_links":{"self":[{"href":"https:\/\/andeanfv.com\/en\/wp-json\/wp\/v2\/pages\/817","targetHints":{"allow":["GET"]}}],"collection":[{"href":"https:\/\/andeanfv.com\/en\/wp-json\/wp\/v2\/pages"}],"about":[{"href":"https:\/\/andeanfv.com\/en\/wp-json\/wp\/v2\/types\/page"}],"author":[{"embeddable":true,"href":"https:\/\/andeanfv.com\/en\/wp-json\/wp\/v2\/users\/2"}],"replies":[{"embeddable":true,"href":"https:\/\/andeanfv.com\/en\/wp-json\/wp\/v2\/comments?post=817"}],"version-history":[{"count":29,"href":"https:\/\/andeanfv.com\/en\/wp-json\/wp\/v2\/pages\/817\/revisions"}],"predecessor-version":[{"id":894,"href":"https:\/\/andeanfv.com\/en\/wp-json\/wp\/v2\/pages\/817\/revisions\/894"}],"wp:attachment":[{"href":"https:\/\/andeanfv.com\/en\/wp-json\/wp\/v2\/media?parent=817"}],"curies":[{"name":"wp","href":"https:\/\/api.w.org\/{rel}","templated":true}]}}