{"id":845,"date":"2024-11-19T15:47:00","date_gmt":"2024-11-19T14:47:00","guid":{"rendered":"https:\/\/andeanfv.com\/?page_id=845"},"modified":"2024-11-22T19:55:49","modified_gmt":"2024-11-22T18:55:49","slug":"politica-de-cookies","status":"publish","type":"page","link":"https:\/\/andeanfv.com\/en\/politica-de-cookies\/","title":{"rendered":"Cookies Policy"},"content":{"rendered":"<div data-elementor-type=\"wp-page\" data-elementor-id=\"845\" class=\"elementor elementor-845\" data-elementor-post-type=\"page\">\n\t\t\t\t<div class=\"elementor-element elementor-element-5822b11 e-flex e-con-boxed e-con e-parent\" data-id=\"5822b11\" data-element_type=\"container\" data-e-type=\"container\">\n\t\t\t\t\t<div class=\"e-con-inner\">\n\t\t\t\t<div class=\"elementor-element elementor-element-40cafd3 elementor-widget elementor-widget-heading\" data-id=\"40cafd3\" data-element_type=\"widget\" data-e-type=\"widget\" data-widget_type=\"heading.default\">\n\t\t\t\t<div class=\"elementor-widget-container\">\n\t\t\t\t\t<h2 class=\"elementor-heading-title elementor-size-default\">Pol\u00edtica de Cookies de \u201cAndean Fruits &amp; Vegs\u201d<\/h2>\t\t\t\t<\/div>\n\t\t\t\t<\/div>\n\t\t\t\t<div class=\"elementor-element elementor-element-947c19e elementor-widget elementor-widget-text-editor\" data-id=\"947c19e\" data-element_type=\"widget\" data-e-type=\"widget\" data-widget_type=\"text-editor.default\">\n\t\t\t\t<div class=\"elementor-widget-container\">\n\t\t\t\t\t\t\t\t\tA continuaci\u00f3n encontrar\u00e1 la Pol\u00edtica de Cookies del Sitio web <a href=\"https:\/\/andeanfv.com\/en\/\">www.andeanfv.com<\/a> (en adelante, la \u201c<u>Plataforma<\/u>\u201d), la cual, en concordancia con la Pol\u00edtica de Privacidad y los T\u00e9rminos y Condiciones, forman un contrato entre Andean Fruits And Vegs S.A.C, identificado con R.U.C. N\u00b0 20611710985 (en adelante, \u201c<u>Andean Fruits &amp; Vegs<\/u>\u201d) y el cliente y\/o usuario (en adelante, el \u201c<u>Usuario<\/u>\u201d).\t\t\t\t\t\t\t\t<\/div>\n\t\t\t\t<\/div>\n\t\t\t\t<div class=\"elementor-element elementor-element-fafaf5b text_estilo elementor-widget elementor-widget-text-editor\" data-id=\"fafaf5b\" data-element_type=\"widget\" data-e-type=\"widget\" data-widget_type=\"text-editor.default\">\n\t\t\t\t<div class=\"elementor-widget-container\">\n\t\t\t\t\t\t\t\t\t<p><strong>1.- \u00bfQu\u00e9 son las cookies y por qu\u00e9 las usamos?<\/strong><\/p><p>Las cookies son peque\u00f1os archivos de texto que las aplicaciones o los sitios web que usted visita colocan en su ordenador. Las cookies se usan para ayudarnos a mejorar su experiencia cuando usa nuestra Plataforma.<\/p><p>La informaci\u00f3n que recabamos de las cookies sirve para:<\/p><ul><li>Ayudar a nuestra Plataforma a recordar tus preferencias.<\/li><li>Ayudar a mejorar la funcionalidad de b\u00fasqueda de informaci\u00f3n.<\/li><li>Ayudar a supervisar el rendimiento de nuestra Plataforma.<\/li><\/ul><p>\u00a0<\/p><p><strong>2.- Aceptaci\u00f3n del uso de cookies<\/strong><\/p><p><strong>\u00a0<\/strong>Si navegas por nuestra Plataforma, estar\u00e1s aceptando el uso de las cookies en las condiciones establecidas en la presente Pol\u00edtica de cookies. Esta pol\u00edtica puede ser actualizada, por lo que te invitamos a revisarla de forma regular.<\/p><p><strong>3.- Administraci\u00f3n de cookies<\/strong><\/p><p><strong>\u00a0<\/strong>Los navegadores m\u00e1s populares tienen opciones de configuraci\u00f3n y funcionalidades de seguridad que te permiten evitar la instalaci\u00f3n de cookies y\/o de otros sistemas de recogida de datos de navegaci\u00f3n en tu dispositivo. Puedes configurar tu navegador para que rechace las cookies, pero esto podr\u00eda bloquear determinadas funcionalidades o limitar el acceso a algunos contenidos de nuestra web.<\/p><p>Puedes consultar los pasos para deshabilitar la instalaci\u00f3n de cookies en las secciones de &#8220;Ayuda&#8221; de las p\u00e1ginas web de cada navegador. Por ejemplo, para bloquear cookies en Chrome se realizar\u00e1 el siguiente procedimiento: Configuraci\u00f3n -&gt; Privacidad y seguridad -&gt; Cookies y otros datos del sitio-&gt; Bloquear cookies.<\/p><p><strong>4.- Tipos de cookies que utilizamos<\/strong><\/p><p><strong>\u00a0<\/strong>La Plataforma utiliza las siguientes cookies:<\/p><p><strong>Cookies propias:<\/strong><\/p><ul><li>Cookies de sesi\u00f3n: Son un tipo de cookies dise\u00f1adas para recabar y almacenar datos mientras el usuario accede a un sitio web, as\u00ed como dar seguimiento de actividades en la Plataforma y datos de navegaci\u00f3n. Su experiencia en la Plataforma se adaptar\u00e1 de acuerdo con los algoritmos y los datos que se recopilar\u00e1n.<\/li><li>Cookies t\u00e9cnicas y funcionales: Son estrictamente necesarias para navegar por <a href=\"http:\/\/www.afvagro.com\">afvagro.com<\/a> y utilizar sus diferentes opciones o servicios.<\/li><\/ul><p>\u00a0<\/p><p><strong>Cookies de terceros:<\/strong><\/p><ul><li>Cookies de an\u00e1lisis: Sirven para analizar los h\u00e1bitos de navegaci\u00f3n de los Usuarios, con el objetivo de optimizar las funcionalidades y el mantenimiento t\u00e9cnico y operativo de la Plataforma y garantizar el mejor servicio posible.<\/li><\/ul><p>\u00a0<\/p><p>Finalmente, indicamos que en el supuesto que un Usuario bloquee las cookies de su navegador, s\u00ed podr\u00e1 seguir navegando por la Plataforma, pero es posible que algunos servicios no se encuentren disponibles, vi\u00e9ndose limitada la experiencia de navegaci\u00f3n.<\/p><p>\u00a0<\/p><p>\u00a0<\/p>\t\t\t\t\t\t\t\t<\/div>\n\t\t\t\t<\/div>\n\t\t\t\t\t<\/div>\n\t\t\t\t<\/div>\n\t\t\t\t<\/div>","protected":false},"excerpt":{"rendered":"<p>Pol\u00edtica de Cookies de \u201cAndean Fruits &amp; Vegs\u201d A continuaci\u00f3n encontrar\u00e1 la Pol\u00edtica de Cookies del Sitio web www.andeanfv.com (en adelante, la \u201cPlataforma\u201d), la cual, en concordancia con la Pol\u00edtica de Privacidad y los T\u00e9rminos y Condiciones, forman un contrato entre Andean Fruits And Vegs S.A.C, identificado con R.U.C. N\u00b0 20611710985 (en adelante, \u201cAndean Fruits [&hellip;]<\/p>\n","protected":false},"author":2,"featured_media":0,"parent":0,"menu_order":0,"comment_status":"open","ping_status":"closed","template":"elementor_header_footer","meta":{"inline_featured_image":false,"footnotes":""},"class_list":["post-845","page","type-page","status-publish","hentry"],"_links":{"self":[{"href":"https:\/\/andeanfv.com\/en\/wp-json\/wp\/v2\/pages\/845","targetHints":{"allow":["GET"]}}],"collection":[{"href":"https:\/\/andeanfv.com\/en\/wp-json\/wp\/v2\/pages"}],"about":[{"href":"https:\/\/andeanfv.com\/en\/wp-json\/wp\/v2\/types\/page"}],"author":[{"embeddable":true,"href":"https:\/\/andeanfv.com\/en\/wp-json\/wp\/v2\/users\/2"}],"replies":[{"embeddable":true,"href":"https:\/\/andeanfv.com\/en\/wp-json\/wp\/v2\/comments?post=845"}],"version-history":[{"count":7,"href":"https:\/\/andeanfv.com\/en\/wp-json\/wp\/v2\/pages\/845\/revisions"}],"predecessor-version":[{"id":891,"href":"https:\/\/andeanfv.com\/en\/wp-json\/wp\/v2\/pages\/845\/revisions\/891"}],"wp:attachment":[{"href":"https:\/\/andeanfv.com\/en\/wp-json\/wp\/v2\/media?parent=845"}],"curies":[{"name":"wp","href":"https:\/\/api.w.org\/{rel}","templated":true}]}}