{"id":850,"date":"2024-11-19T15:52:22","date_gmt":"2024-11-19T14:52:22","guid":{"rendered":"https:\/\/andeanfv.com\/?page_id=850"},"modified":"2024-11-22T23:45:26","modified_gmt":"2024-11-22T22:45:26","slug":"politica-de-privacidad","status":"publish","type":"page","link":"https:\/\/andeanfv.com\/en\/politica-de-privacidad\/","title":{"rendered":"Privacy Policy"},"content":{"rendered":"<div data-elementor-type=\"wp-page\" data-elementor-id=\"850\" class=\"elementor elementor-850\" data-elementor-post-type=\"page\">\n\t\t\t\t<div class=\"elementor-element elementor-element-5822b11 e-flex e-con-boxed e-con e-parent\" data-id=\"5822b11\" data-element_type=\"container\" data-e-type=\"container\">\n\t\t\t\t\t<div class=\"e-con-inner\">\n\t\t\t\t<div class=\"elementor-element elementor-element-40cafd3 elementor-widget elementor-widget-heading\" data-id=\"40cafd3\" data-element_type=\"widget\" data-e-type=\"widget\" data-widget_type=\"heading.default\">\n\t\t\t\t<div class=\"elementor-widget-container\">\n\t\t\t\t\t<h2 class=\"elementor-heading-title elementor-size-default\">Pol\u00edtica de Privacidad \nde \u201cAndean Fruits &amp; Vegs\u201d\n<\/h2>\t\t\t\t<\/div>\n\t\t\t\t<\/div>\n\t\t\t\t<div class=\"elementor-element elementor-element-947c19e text_estilo elementor-widget elementor-widget-text-editor\" data-id=\"947c19e\" data-element_type=\"widget\" data-e-type=\"widget\" data-widget_type=\"text-editor.default\">\n\t\t\t\t<div class=\"elementor-widget-container\">\n\t\t\t\t\t\t\t\t\t<p><strong>1.- Introducci\u00f3n<\/strong><\/p><p>A continuaci\u00f3n, encontrar\u00e1 la Pol\u00edtica de Privacidad del sitio web <a href=\"https:\/\/andeanfv.com\/en\/\">www.andeanfv.com<\/a> (en adelante, la \u201c<u>Plataforma<\/u>\u201d), la cual, en concordancia con los T\u00e9rminos y Condiciones y Pol\u00edtica de Cookies, forman un contrato entre Andean Fruits And Vegs S.A.C, identificado con R.U.C. N\u00b0 20611710985 (en adelante, \u201c<u>Andean Fruits &amp; Vegs<\/u>\u201d) y el cliente y\/o usuario (en adelante, el \u201c<u>Usuario<\/u>\u201d).<\/p><p>Andean Fruits &amp; Vegs asegura la m\u00e1xima reserva y protecci\u00f3n de aquellos datos de car\u00e1cter personal que los Usuarios, con la finalidad de hacer uso de los servicios, nos proporcionen mediante el uso de la Plataforma.<\/p><p><strong>2.- Objetivo y finalidad<\/strong><\/p><p>Andean Fruits &amp; Vegs es consciente de la elevada importancia que tiene la privacidad de nuestros Usuarios y de todas aquellas personas que se interesan por los servicios ofrecidos.<\/p><p>Siendo consecuentes con esta consideraci\u00f3n, tenemos el compromiso de respetar su privacidad y proteger la confidencialidad de su informaci\u00f3n privada y datos personales. Por tal motivo, mediante la presente Pol\u00edtica de Privacidad, damos a conocer a nuestros Usuarios, la manera en que se recogen, tratan y se protegen los datos personales brindados a Andean Fruits &amp; Vegs.<\/p><p>La informaci\u00f3n personal privada no incluye informaci\u00f3n que est\u00e1 disponible a trav\u00e9s de fuentes accesibles al p\u00fablico. Se entiende por tales los medios de comunicaci\u00f3n electr\u00f3nica, \u00f3ptica y de otra tecnolog\u00eda concebidos para facilitar informaci\u00f3n al p\u00fablico y abiertos a la consulta general, las gu\u00edas telef\u00f3nicas, los diarios y revistas, los medios de comunicaci\u00f3n social, las listas profesionales, los repertorios de jurisprudencia anonimizados, los Registros P\u00fablicos administrados por la Superintendencia Nacional de Registros P\u00fablicos as\u00ed como todo otro registro o banco de datos calificado como p\u00fablico conforme a ley, las entidades de la Administraci\u00f3n P\u00fablica en relaci\u00f3n a la informaci\u00f3n que deba ser entregada en aplicaci\u00f3n de la Ley N\u00ba 27806, Ley de Transparencia y Acceso a la Informaci\u00f3n P\u00fablica.<\/p><p><strong>3.- Legislaci\u00f3n<\/strong><\/p><p>De acuerdo con la Ley N\u00b0 29733 \u2013 Ley de Protecci\u00f3n de Datos Personales (en adelante, la \u201c<u>Ley<\/u>\u201d) y su Reglamento, aprobado por el Decreto Supremo No. 003-2013-JUS, se entiende por datos personales toda informaci\u00f3n sobre una persona natural que la identifica o hace identificable a trav\u00e9s de medios que pueden ser razonablemente utilizados.<\/p><p>Por otro lado, por tratamiento de datos personales se entiende como cualquier operaci\u00f3n o procedimiento t\u00e9cnico, automatizado o no, que permite la recopilaci\u00f3n, registro, organizaci\u00f3n, almacenamiento, conservaci\u00f3n, elaboraci\u00f3n, modificaci\u00f3n, extracci\u00f3n, consulta, utilizaci\u00f3n, bloqueo, supresi\u00f3n, comunicaci\u00f3n por transferencia o por difusi\u00f3n o cualquier otra forma de procesamiento que facilite el acceso, correlaci\u00f3n o interconexi\u00f3n de los datos personales.<\/p><p>Andean Fruits &amp; Vegs desarrolla su pol\u00edtica de tratamiento de datos personales en atenci\u00f3n a los principios rectores establecidos en la Ley mencionados a continuaci\u00f3n:<\/p><ol><li>Principio de legalidad: se rechaza la recopilaci\u00f3n de los datos personales de nuestros usuarios por medios fraudulentos, desleales o il\u00edcitos.<\/li><li>Principio de consentimiento: en el tratamiento de los datos personales de nuestros usuarios mediar\u00e1 su consentimiento.<\/li><li>Principio de finalidad: Los datos personales de nuestros usuarios se recopilar\u00e1n para una finalidad determinada, expl\u00edcita y l\u00edcita, y no se extender\u00e1 a otra finalidad que no haya sido la establecida de manera inequ\u00edvoca como tal al momento de su recopilaci\u00f3n.<\/li><li>Principio de proporcionalidad: todo tratamiento de datos personales de nuestros usuarios ser\u00e1 adecuado, relevante y no excesivo a la finalidad para la que estos hubiesen sido recopilados.<\/li><li>Principio de calidad: Los datos personales ser\u00e1n veraces, exactos y, en lo posible, actualizados, necesarios, pertinentes y adecuados respecto de la finalidad para la que fueron recopilados.<\/li><li>Principio de seguridad: se conservar\u00e1n de forma tal que se garantice su seguridad y solo por el tiempo necesario para cumplir con la finalidad del tratamiento.<\/li><\/ol><p>Andean Fruits &amp; Vegs y, en su caso, los encargados de tratamiento cuentan con las medidas de seguridad apropiadas y acordes con el tratamiento que se vaya a efectuar, adem\u00e1s de la adopci\u00f3n de medidas t\u00e9cnicas, organizativas y legales necesarias para garantizar confidencialidad de los datos personales.<\/p><p><strong>4.- Informaci\u00f3n sobre datos personales<\/strong><\/p><p>El Usuario queda informado y autoriza libre y voluntariamente a Andean Fruits &amp; Vegs, para recolectar, almacenar, conservar, acceder, usar, suprimir o actualizar sus datos personales para sus actividades. En ese sentido, los datos personales a los que Andean Fruits &amp; Vegs tenga acceso como consecuencia de los servicios que brinda o mediante el llenado de diferentes formularios, se incorporar\u00e1n al correspondiente \u201cBanco de Datos Personales\u201d, conformando el conjunto organizado de datos personales de usuarios, creado por Andean Fruits &amp; Vegs e inscrito en el Registro Nacional de Protecci\u00f3n de Datos Personales. Asimismo, el Usuario acepta que sus datos personales podr\u00e1n ser transferidos a terceras partes, las cuales se detallan a continuaci\u00f3n:<\/p>\t\t\t\t\t\t\t\t<\/div>\n\t\t\t\t<\/div>\n\t\t\t\t<div class=\"elementor-element elementor-element-fafaf5b text_estilo elementor-widget elementor-widget-text-editor\" data-id=\"fafaf5b\" data-element_type=\"widget\" data-e-type=\"widget\" data-widget_type=\"text-editor.default\">\n\t\t\t\t<div class=\"elementor-widget-container\">\n\t\t\t\t\t\t\t\t\t<table border=\"1\">\n    <thead>\n        <tr>\n            <th>Nombre<\/th>\n            <th>Nro. Identificaci\u00f3n (RUT\/RUC\/EIN)<\/th>\n            <th>Pa\u00eds<\/th>\n            <th>Domicilio<\/th>\n            <th>Finalidad (raz\u00f3n de la transferencia)<\/th>\n        <\/tr>\n    <\/thead>\n    <tbody>\n        <tr>\n            <td>Romma Consulting<\/td>\n            <td>20604772576<\/td>\n            <td>Per\u00fa<\/td>\n            <td>Av. Javier Prado Oeste Nro. 757 Int. 1501, Magdalena Del Mar, Lima.<\/td>\n            <td>Forma parte del mismo grupo econ\u00f3mico, la finalidad de la transferencia es el ofrecimiento de servicios.<\/td>\n        <\/tr>\n        <tr>\n            <td>Madero Capital S.A.C.<\/td>\n            <td>20603232543<\/td>\n            <td>Per\u00fa<\/td>\n            <td>Av. Javier Prado Oeste Nro. 757 Int. 1501, Magdalena Del Mar, Lima.<\/td>\n            <td>Forma parte del mismo grupo econ\u00f3mico, la finalidad de la transferencia es el ofrecimiento de servicios.<\/td>\n        <\/tr>\n        <tr>\n            <td>Madero Leasing Company S.A.<\/td>\n            <td>20611752203<\/td>\n            <td>Per\u00fa<\/td>\n            <td>Av. Javier Prado Oeste Nro. 757 Int. 1501, Magdalena Del Mar, Lima.<\/td>\n            <td>Forma parte del mismo grupo econ\u00f3mico, la finalidad de la transferencia es el ofrecimiento de servicios.<\/td>\n        <\/tr>\n        <tr>\n            <td>Madero Wealth Management S.A.C.<\/td>\n            <td>20609068851<\/td>\n            <td>Per\u00fa<\/td>\n            <td>Av. Javier Prado Oeste Nro. 757 Int. 1501, Magdalena Del Mar, Lima.<\/td>\n            <td>Forma parte del mismo grupo econ\u00f3mico, la finalidad de la transferencia es el ofrecimiento de servicios.<\/td>\n        <\/tr>\n        <tr>\n            <td>Fresh &#038; Ready Harvests S.A.<\/td>\n            <td>20611875631<\/td>\n            <td>Per\u00fa<\/td>\n            <td>Av. Javier Prado Oeste Nro. 757 Int. 1501, Magdalena Del Mar, Lima.<\/td>\n            <td>Forma parte del mismo grupo econ\u00f3mico, la finalidad de la transferencia es el ofrecimiento de servicios.<\/td>\n        <\/tr>\n        <tr>\n            <td>Lucid Per\u00fa S.A.C.<\/td>\n            <td>20608764055<\/td>\n            <td>Per\u00fa<\/td>\n            <td>Av. Javier Prado Oeste Nro. 757 Int. 1501, Magdalena Del Mar, Lima.<\/td>\n            <td>Forma parte del mismo grupo econ\u00f3mico, la finalidad de la transferencia es el ofrecimiento de servicios.<\/td>\n        <\/tr>\n        <tr>\n            <td>Google LLC<\/td>\n            <td>IVA EU372000041<\/td>\n            <td>Estados Unidos<\/td>\n            <td>600 Amphitheatre Parkway, Mountain View, CA 94043<\/td>\n            <td>Prestaci\u00f3n de servicios de alojamiento web.<\/td>\n        <\/tr>\n    <\/tbody>\n<\/table>\n\t\t\t\t\t\t\t\t<\/div>\n\t\t\t\t<\/div>\n\t\t\t\t<div class=\"elementor-element elementor-element-5b32621 text_estilo elementor-widget elementor-widget-text-editor\" data-id=\"5b32621\" data-element_type=\"widget\" data-e-type=\"widget\" data-widget_type=\"text-editor.default\">\n\t\t\t\t<div class=\"elementor-widget-container\">\n\t\t\t\t\t\t\t\t\t<p>Los datos personales facilitados por los Usuarios ser\u00e1n tratados con total confidencialidad y s\u00f3lo podr\u00e1n ser almacenados por los servidores web de Google Inc. para brindar los servicios de almacenamiento web de una manera adecuada. Andean Fruits &amp; Vegs se compromete a guardar secreto profesional respecto de los mismos y garantiza el deber de guardarlos adoptando todas las medidas de seguridad necesarias. No ser\u00e1 necesaria la autorizaci\u00f3n cuando los datos personales sean necesarios para la ejecuci\u00f3n de una relaci\u00f3n contractual en la que el titular de datos personales sea parte.<\/p><p>Si los datos registrados resultaran inexactos, en todo o en parte, o incompletos, Andean Fruits &amp; Vegs podr\u00e1 actualizarlos y\/o sustituirlos por los correspondientes datos rectificados o completados.<\/p><p>Los datos personales solicitados a los usuarios son datos b\u00e1sicos de contacto y son adecuados, pertinentes y no excesivos en relaci\u00f3n con la finalidad para los que se recogen: (i) nombres y apellidos, (ii) documento de identificaci\u00f3n (DNI\/CE\/Pasaporte), (iii) domicilio\/ubicaci\u00f3n, (iv) tel\u00e9fono m\u00f3vil y (v) direcci\u00f3n de correo electr\u00f3nico.<\/p><p><strong>5.- Finalidad del tratamiento de los datos personales <\/strong><\/p><p>Andean Fruits &amp; Vegs recopila los datos del Usuario listados a continuaci\u00f3n para las siguientes finalidades:<\/p><p><strong>Finalidad<\/strong><\/p><p>Realizar gestiones comerciales con la finalidad de garantizar que un adecuado servicio por parte de Andean Fruits &amp; Vegs a favor de los Usuarios.<\/p><p>Asimismo, Andean Fruits &amp; Vegs recopila datos personales de sus Usuarios para fines publicitarios. En ese sentido, el Usuario acepta que Andean Fruits &amp; Vegs le proporcione avisos publicitarios sobre productos y servicios de la empresa, as\u00ed como de cualquier otra persona jur\u00eddica vinculada econ\u00f3micamente a Andean Fruits &amp; Vegs y mensajes de las siguientes maneras: (i) dentro de la Plataforma, o (ii) enviados a la informaci\u00f3n de contacto que proporcion\u00f3 a Andean Fruits &amp; Vegs (por ejemplo, correo electr\u00f3nico, n\u00famero de tel\u00e9fono m\u00f3vil, direcci\u00f3n f\u00edsica, entre otros). Asimismo, el Usuario acepta mantener actualizada su informaci\u00f3n de contacto.<\/p><p>Asimismo, el Usuario autoriza a Andean Fruits &amp; Vegs para tratar, requerir, reunir, conservar, utilizar y transferir a terceros (en las condiciones que se se\u00f1alan en el siguiente p\u00e1rrafo), dentro o fuera del pa\u00eds, su informaci\u00f3n personal, incluyendo sus datos personales. Sin car\u00e1cter limitativo, ello se efectuar\u00e1 a efectos de asegurar una adecuada gesti\u00f3n comercial, as\u00ed como para ofrecer servicios complementarios a los establecidos en el presente documento.<\/p><p>El Usuario est\u00e1 de acuerdo en que dicha informaci\u00f3n pueda ser transferida por Andean Fruits &amp; Vegs a favor de (i) terceras personas naturales y\/o jur\u00eddicas que mantengan v\u00ednculos comerciales con Andean Fruits &amp; Vegs, las cuales requieran conocer dicha informaci\u00f3n para la prestaci\u00f3n de sus servicios y (ii) empresas vinculadas de Andean Fruits &amp; Vegs, domiciliadas o no en el Per\u00fa, para la consolidaci\u00f3n de datos, preparaci\u00f3n de estad\u00edsticas corporativas, elaboraci\u00f3n de pol\u00edticas, etc.<\/p><p>El Usuario reconoce y declara expresamente que, de manera previa a la firma del presente documento, ha sido debida y suficientemente informado sobre los alcances y efectos de la presente pol\u00edtica.<\/p><p><strong>6.- Libro de reclamaciones<\/strong><\/p><p>El Usuario autoriza expresamente a Andean Fruits &amp; Vegs a que cuando haga uso del libro de reclamaciones, sus datos sean tratados con la finalidad de atender las necesidades propias de dicho procedimiento,\u00a0 as\u00ed como para, una vez culminado el procedimiento de atenci\u00f3n del reclamo, pueda atender las necesidades derivadas de cualquier proceso o procedimiento judicial, administrativo o arbitral que a futuro se derive o surja en relaci\u00f3n con el reclamo que el usuario haya presentado, atender cualquier fiscalizaci\u00f3n de la autoridad competente en materia de tratamiento de datos personales.<\/p><p>Los datos recopilados a trav\u00e9s del libro de reclamaciones se almacenar\u00e1n en el banco de datos \u201cLibro de reclamaciones\u201d de titularidad de Andean Fruits &amp; Vegs.<\/p><p>Como consecuencia de las finalidades descritas, el plazo de almacenamiento de los datos ser\u00e1 de forma indefinida. Para todo efecto, se entender\u00e1 que este plazo m\u00e1ximo de almacenamiento y de tratamiento de los datos personales es un derecho de Andean Fruits &amp; Vegs y no una obligaci\u00f3n, por lo que Andean Fruits &amp; Vegs podr\u00e1 optar por almacenarlos y\/o tratarlos por plazos menores. Esto no perjudica en absoluto los derechos de los usuarios para revocar el consentimiento de sus datos personales en cualquier momento, conforme la Ley se lo permite y Andean Fruits &amp; Vegs lo detalla en la presente Pol\u00edtica de Privacidad.<\/p><p><strong>7.- Seguridad de los datos personales <\/strong><\/p><p>En cumplimiento de la normativa vigente, la Directiva de Seguridad de la Informaci\u00f3n aprobada por la Resoluci\u00f3n Directoral No. 019-2013-JUS\/DGPDP de la Autoridad Nacional de Protecci\u00f3n de Datos Personales, Andean Fruits &amp; Vegs ha adoptado las medidas t\u00e9cnicas y organizativas de seguridad y confidencialidad apropiadas a la categor\u00eda de los datos personales, necesarias para mantener el nivel de seguridad requerido, con el objetivo de evitar en la medida de lo posible la alteraci\u00f3n, p\u00e9rdida o el tratamiento o acceso no autorizado que puedan afectar afecten a la integridad, confidencialidad y disponibilidad de la informaci\u00f3n.<\/p><p>Sin embargo, la transmisi\u00f3n de informaci\u00f3n mediante las redes de comunicaci\u00f3n y de Internet no es totalmente segura; por eso, y a pesar de que Andean Fruits &amp; Vegs realizar\u00e1 sus mejores esfuerzos para proteger los datos personales, no podr\u00e1 garantizar la seguridad de los mismos durante el tr\u00e1nsito hasta la Plataforma. Toda la informaci\u00f3n que los usuarios de Internet faciliten por este medio, se enviar\u00e1 por su cuenta y riesgo.<\/p><p><strong>8.- Ejercicio de los Derechos de Acceso, Rectificaci\u00f3n, Cancelaci\u00f3n y Oposici\u00f3n<\/strong><\/p><p>Los Usuarios que hayan facilitado datos personales a Andean Fruits &amp; Vegs pueden dirigirse a esta, con el fin de poder ejercer sus derechos de informaci\u00f3n, de acceso, de actualizaci\u00f3n, inclusi\u00f3n, rectificaci\u00f3n y supresi\u00f3n, de impedir el suministro de sus datos personales, de oposici\u00f3n al tratamiento o de tratamiento objetivo de los datos, en los t\u00e9rminos recogidos en la legislaci\u00f3n vigente. Dichos derechos s\u00f3lo podr\u00e1n ser ejercidos por el titular de los datos personales o su apoderado, de conformidad con la ley.<\/p><p>Para poder ejercer estos derechos, los usuarios deber\u00e1n dirigirse a la siguiente direcci\u00f3n de correo electr\u00f3nico comercial.andean@afvagro.com, con la referencia \u201cProtecci\u00f3n de Datos Personales\u201d, especificando sus datos, acreditando su identidad y los motivos de su solicitud. Quien suscribe la solicitud deber\u00e1 anexar copia simple de los documentos que acrediten la identidad del titular (Documento Nacional de Identidad o documento equivalente) o en su caso, la del apoderado, as\u00ed como copia simple del poder otorgado por v\u00eda notarial cuando corresponda.<\/p><p>En caso el Usuario decida cerrar su cuenta en la Plataforma, sus datos personales dejar\u00e1n de verse en la Plataforma, por lo general, en un plazo de 24 horas.<\/p><p>Asimismo, Andean Fruits &amp; Vegs informa a sus usuarios la existencia de la v\u00eda administrativa para hacer valer sus derechos a ejercitar ante la Autoridad Nacional de Protecci\u00f3n de Datos o jurisdiccionales ante el Poder Judicial a los efectos de la correspondiente acci\u00f3n de habeas data.<\/p><p><strong>9.- Transferencia de datos personales a nivel nacional o internacional <\/strong><\/p><p>Andean Fruits &amp; Vegs utiliza servidores de terceros extranjeros para el almacenamiento de bancos de datos por medios tecnol\u00f3gicos, por lo que se realizar\u00e1 flujo transfronterizo. En ese sentido, la finalidad del flujo transfronterizo es estrictamente para el almacenamiento de datos en los servidores web de Google LLC, identificado con IVA EU372000041.<\/p><p>Estos datos personales tambi\u00e9n pueden ser comunicados a las entidades administrativas, autoridades judiciales y\/o policiales, siempre y cuando est\u00e9 establecido por Ley.<\/p><p><strong>\u00a010.- <\/strong><strong>Veracidad<\/strong><\/p><p><strong>\u00a0<\/strong>Los usuarios garantizan y responden, en cualquier caso, de la veracidad, exactitud, vigencia y autenticidad de la Informaci\u00f3n Personal facilitada, y se comprometen a mantenerla debidamente actualizada.<\/p><p><strong>\u00a011.- <\/strong><strong>Otros<\/strong><\/p><p>En tanto se trata de una herramienta de tipo virtual, que no permite el trato f\u00edsico directo entre Andean Fruits &amp; Vegs y el titular de los datos personales, Andean Fruits &amp; Vegs recopilar\u00e1 y tratar\u00e1 los datos personales partiendo de la presunci\u00f3n de buena fe de que quien los facilita es mayor de edad ante la ley, es h\u00e1bil en el idioma espa\u00f1ol, se encuentra en pleno uso de sus facultades mentales, ostenta plena capacidad civil y es titular de los datos personales o act\u00faa en calidad de representante del titular de los datos que facilita, en caso de que sean de titularidad de terceros.<\/p><p>Para realizar cualquier tipo de consulta respecto a esta Pol\u00edtica de Privacidad puede dirigirse a la siguiente direcci\u00f3n de correo electr\u00f3nico:<\/p><p><strong>12.- Vigencia y modificaci\u00f3n de la presente Pol\u00edtica de Protecci\u00f3n de Datos Personales <\/strong><\/p><p>La Pol\u00edtica de Protecci\u00f3n de datos personales de Andean Fruits &amp; Vegs es actualizada constantemente, por lo que Madero Factoring se reserva el derecho a modificar su pol\u00edtica en el supuesto de que exista un cambio en la legislaci\u00f3n vigente, doctrinal, jurisprudencial o por criterios propios empresariales. Si se introdujera alg\u00fan cambio en esta pol\u00edtica, el nuevo texto se publicar\u00e1 en este mismo Sitio web y ser\u00e1 comunicado al Usuario.<\/p><p>Se recomienda a todos los usuarios que accedan peri\u00f3dicamente a esta Pol\u00edtica de Privacidad que encontrar\u00e1n en la Plataforma.<\/p><p>Esta Pol\u00edtica de Privacidad para el Tratamiento de Datos Personales se publica el d\u00eda 20 de noviembre de 2024.<\/p>\t\t\t\t\t\t\t\t<\/div>\n\t\t\t\t<\/div>\n\t\t\t\t\t<\/div>\n\t\t\t\t<\/div>\n\t\t\t\t<\/div>","protected":false},"excerpt":{"rendered":"<p>Pol\u00edtica de Privacidad de \u201cAndean Fruits &amp; Vegs\u201d 1.- Introducci\u00f3n A continuaci\u00f3n, encontrar\u00e1 la Pol\u00edtica de Privacidad del sitio web www.andeanfv.com (en adelante, la \u201cPlataforma\u201d), la cual, en concordancia con los T\u00e9rminos y Condiciones y Pol\u00edtica de Cookies, forman un contrato entre Andean Fruits And Vegs S.A.C, identificado con R.U.C. N\u00b0 20611710985 (en adelante, \u201cAndean [&hellip;]<\/p>\n","protected":false},"author":2,"featured_media":0,"parent":0,"menu_order":0,"comment_status":"open","ping_status":"closed","template":"elementor_header_footer","meta":{"inline_featured_image":false,"footnotes":""},"class_list":["post-850","page","type-page","status-publish","hentry"],"_links":{"self":[{"href":"https:\/\/andeanfv.com\/en\/wp-json\/wp\/v2\/pages\/850","targetHints":{"allow":["GET"]}}],"collection":[{"href":"https:\/\/andeanfv.com\/en\/wp-json\/wp\/v2\/pages"}],"about":[{"href":"https:\/\/andeanfv.com\/en\/wp-json\/wp\/v2\/types\/page"}],"author":[{"embeddable":true,"href":"https:\/\/andeanfv.com\/en\/wp-json\/wp\/v2\/users\/2"}],"replies":[{"embeddable":true,"href":"https:\/\/andeanfv.com\/en\/wp-json\/wp\/v2\/comments?post=850"}],"version-history":[{"count":13,"href":"https:\/\/andeanfv.com\/en\/wp-json\/wp\/v2\/pages\/850\/revisions"}],"predecessor-version":[{"id":917,"href":"https:\/\/andeanfv.com\/en\/wp-json\/wp\/v2\/pages\/850\/revisions\/917"}],"wp:attachment":[{"href":"https:\/\/andeanfv.com\/en\/wp-json\/wp\/v2\/media?parent=850"}],"curies":[{"name":"wp","href":"https:\/\/api.w.org\/{rel}","templated":true}]}}